{"id":7,"date":"2016-12-07T15:37:20","date_gmt":"2016-12-07T13:37:20","guid":{"rendered":"https:\/\/akquinetsecurityblog.wordpress.com\/?page_id=3"},"modified":"2024-01-02T09:13:16","modified_gmt":"2024-01-02T08:13:16","slug":"kontakt","status":"publish","type":"page","link":"https:\/\/sast-solutions.de\/blog-de\/kontakt\/","title":{"rendered":"Kontakt"},"content":{"rendered":"<p>&nbsp;<\/p>\n<p class=\"picture-text\"><span style=\"color: #626161;\">Unsere Zentrale erreichen Sie unter:<\/span><\/p>\n<p class=\"picture-text\"><span style=\"color: #626161;\">Pathlock Deutschland GmbH<br \/>\n<\/span><span style=\"color: #626161;\">Werner-Otto-Str. 6<\/span><br \/>\n<span style=\"color: #626161;\">D-22179 Hamburg<\/span><br \/>\n<span style=\"color: #626161;\">Fon: +49 40 23 96 95 12-0<\/span><br \/>\n<span style=\"color: #626161;\">Mail: <\/span><a href=\"mailto:hamburg@pathlock.com\" target=\"_blank\" rel=\"noopener\"><span style=\"color: #626161;\"><span style=\"color: #c33b70;\">hamburg@pathlock.com<\/span><\/span><\/a><\/p>\n<p><span style=\"color: #626161;\">Pathlock Deutschland Website: <a href=\"http:\/\/www.pathlock.com\/de\/\" target=\"_blank\" rel=\"noopener\">www.pathlock.com\/de\/<\/a><\/span><\/p>\n<p><span style=\"color: #626161;\">Sie w\u00fcnschen Informationen \u00fcber unsere Pathlock-L\u00f6sungen (ehemals SAST SOLUTIONS) oder freuen sich \u00fcber einen R\u00fcckruf von uns? Dann nutzen Sie gerne unser <a href=\"https:\/\/pathlock.com\/de\/kontakt\/\" target=\"_blank\" rel=\"noopener noreferrer\">Kontaktformular<\/a>.<\/span><\/p>\n","protected":false},"excerpt":{"rendered":"<p>Dies ist nur eine Kurzfassung der Seite&amp;nbsp;\u201eKontakt\u201c.<\/p>\n","protected":false},"author":1,"featured_media":0,"parent":0,"menu_order":2,"comment_status":"closed","ping_status":"closed","template":"","meta":{"footnotes":""},"class_list":["post-7","page","type-page","status-publish","hentry"],"yoast_head":"<!-- This site is optimized with the Yoast SEO plugin v27.2 - https:\/\/yoast.com\/product\/yoast-seo-wordpress\/ -->\n<title>Kontakt zu Pathlock Deutschland, ehemals SAST SOLUTIONS<\/title>\n<meta name=\"description\" content=\"Sie haben Interesse an den SAST SOLUTIONS und m\u00f6chten gerne weitere Informationen erhalten? Dann nehmen Sie gerne Kontakt zu uns auf.\" \/>\n<meta name=\"robots\" content=\"index, follow, max-snippet:-1, max-image-preview:large, max-video-preview:-1\" \/>\n<link rel=\"canonical\" href=\"https:\/\/sast-solutions.de\/blog-de\/kontakt\/\" \/>\n<meta property=\"og:locale\" content=\"de_DE\" \/>\n<meta property=\"og:type\" content=\"article\" \/>\n<meta property=\"og:title\" content=\"Kontakt zu Pathlock Deutschland, ehemals SAST SOLUTIONS\" \/>\n<meta property=\"og:description\" content=\"Sie haben Interesse an den SAST SOLUTIONS und m\u00f6chten gerne weitere Informationen erhalten? Dann nehmen Sie gerne Kontakt zu uns auf.\" \/>\n<meta property=\"og:url\" content=\"https:\/\/sast-solutions.de\/blog-de\/kontakt\/\" \/>\n<meta property=\"og:site_name\" content=\"SAST BLOG\" \/>\n<meta property=\"article:modified_time\" content=\"2024-01-02T08:13:16+00:00\" \/>\n<meta name=\"twitter:card\" content=\"summary_large_image\" \/>\n<meta name=\"twitter:label1\" content=\"Gesch\u00e4tzte Lesezeit\" \/>\n\t<meta name=\"twitter:data1\" content=\"1\u00a0Minute\" \/>\n<script type=\"application\/ld+json\" class=\"yoast-schema-graph\">{\"@context\":\"https:\/\/schema.org\",\"@graph\":[{\"@type\":\"WebPage\",\"@id\":\"https:\/\/sast-solutions.de\/blog-de\/kontakt\/\",\"url\":\"https:\/\/sast-solutions.de\/blog-de\/kontakt\/\",\"name\":\"Kontakt zu Pathlock Deutschland, ehemals SAST SOLUTIONS\",\"isPartOf\":{\"@id\":\"https:\/\/sast-solutions.de\/blog-de\/#website\"},\"datePublished\":\"2016-12-07T13:37:20+00:00\",\"dateModified\":\"2024-01-02T08:13:16+00:00\",\"description\":\"Sie haben Interesse an den SAST SOLUTIONS und m\u00f6chten gerne weitere Informationen erhalten? Dann nehmen Sie gerne Kontakt zu uns auf.\",\"breadcrumb\":{\"@id\":\"https:\/\/sast-solutions.de\/blog-de\/kontakt\/#breadcrumb\"},\"inLanguage\":\"de\",\"potentialAction\":[{\"@type\":\"ReadAction\",\"target\":[\"https:\/\/sast-solutions.de\/blog-de\/kontakt\/\"]}]},{\"@type\":\"BreadcrumbList\",\"@id\":\"https:\/\/sast-solutions.de\/blog-de\/kontakt\/#breadcrumb\",\"itemListElement\":[{\"@type\":\"ListItem\",\"position\":1,\"name\":\"Startseite\",\"item\":\"https:\/\/sast-solutions.de\/blog-de\/\"},{\"@type\":\"ListItem\",\"position\":2,\"name\":\"Kontakt\"}]},{\"@type\":\"WebSite\",\"@id\":\"https:\/\/sast-solutions.de\/blog-de\/#website\",\"url\":\"https:\/\/sast-solutions.de\/blog-de\/\",\"name\":\"SAST BLOG\",\"description\":\"SAP Application Security &amp; Access Governance\",\"publisher\":{\"@id\":\"https:\/\/sast-solutions.de\/blog-de\/#organization\"},\"potentialAction\":[{\"@type\":\"SearchAction\",\"target\":{\"@type\":\"EntryPoint\",\"urlTemplate\":\"https:\/\/sast-solutions.de\/blog-de\/?s={search_term_string}\"},\"query-input\":{\"@type\":\"PropertyValueSpecification\",\"valueRequired\":true,\"valueName\":\"search_term_string\"}}],\"inLanguage\":\"de\"},{\"@type\":\"Organization\",\"@id\":\"https:\/\/sast-solutions.de\/blog-de\/#organization\",\"name\":\"SAST BLOG\",\"url\":\"https:\/\/sast-solutions.de\/blog-de\/\",\"logo\":{\"@type\":\"ImageObject\",\"inLanguage\":\"de\",\"@id\":\"https:\/\/sast-solutions.de\/blog-de\/#\/schema\/logo\/image\/\",\"url\":\"https:\/\/sast-solutions.de\/blog-de\/wp-content\/uploads\/2022\/06\/cropped-Logo_SAST-PLG_2205.png\",\"contentUrl\":\"https:\/\/sast-solutions.de\/blog-de\/wp-content\/uploads\/2022\/06\/cropped-Logo_SAST-PLG_2205.png\",\"width\":232,\"height\":232,\"caption\":\"SAST BLOG\"},\"image\":{\"@id\":\"https:\/\/sast-solutions.de\/blog-de\/#\/schema\/logo\/image\/\"}}]}<\/script>\n<!-- \/ Yoast SEO plugin. -->","yoast_head_json":{"title":"Kontakt zu Pathlock Deutschland, ehemals SAST SOLUTIONS","description":"Sie haben Interesse an den SAST SOLUTIONS und m\u00f6chten gerne weitere Informationen erhalten? Dann nehmen Sie gerne Kontakt zu uns auf.","robots":{"index":"index","follow":"follow","max-snippet":"max-snippet:-1","max-image-preview":"max-image-preview:large","max-video-preview":"max-video-preview:-1"},"canonical":"https:\/\/sast-solutions.de\/blog-de\/kontakt\/","og_locale":"de_DE","og_type":"article","og_title":"Kontakt zu Pathlock Deutschland, ehemals SAST SOLUTIONS","og_description":"Sie haben Interesse an den SAST SOLUTIONS und m\u00f6chten gerne weitere Informationen erhalten? Dann nehmen Sie gerne Kontakt zu uns auf.","og_url":"https:\/\/sast-solutions.de\/blog-de\/kontakt\/","og_site_name":"SAST BLOG","article_modified_time":"2024-01-02T08:13:16+00:00","twitter_card":"summary_large_image","twitter_misc":{"Gesch\u00e4tzte Lesezeit":"1\u00a0Minute"},"schema":{"@context":"https:\/\/schema.org","@graph":[{"@type":"WebPage","@id":"https:\/\/sast-solutions.de\/blog-de\/kontakt\/","url":"https:\/\/sast-solutions.de\/blog-de\/kontakt\/","name":"Kontakt zu Pathlock Deutschland, ehemals SAST SOLUTIONS","isPartOf":{"@id":"https:\/\/sast-solutions.de\/blog-de\/#website"},"datePublished":"2016-12-07T13:37:20+00:00","dateModified":"2024-01-02T08:13:16+00:00","description":"Sie haben Interesse an den SAST SOLUTIONS und m\u00f6chten gerne weitere Informationen erhalten? Dann nehmen Sie gerne Kontakt zu uns auf.","breadcrumb":{"@id":"https:\/\/sast-solutions.de\/blog-de\/kontakt\/#breadcrumb"},"inLanguage":"de","potentialAction":[{"@type":"ReadAction","target":["https:\/\/sast-solutions.de\/blog-de\/kontakt\/"]}]},{"@type":"BreadcrumbList","@id":"https:\/\/sast-solutions.de\/blog-de\/kontakt\/#breadcrumb","itemListElement":[{"@type":"ListItem","position":1,"name":"Startseite","item":"https:\/\/sast-solutions.de\/blog-de\/"},{"@type":"ListItem","position":2,"name":"Kontakt"}]},{"@type":"WebSite","@id":"https:\/\/sast-solutions.de\/blog-de\/#website","url":"https:\/\/sast-solutions.de\/blog-de\/","name":"SAST BLOG","description":"SAP Application Security &amp; Access Governance","publisher":{"@id":"https:\/\/sast-solutions.de\/blog-de\/#organization"},"potentialAction":[{"@type":"SearchAction","target":{"@type":"EntryPoint","urlTemplate":"https:\/\/sast-solutions.de\/blog-de\/?s={search_term_string}"},"query-input":{"@type":"PropertyValueSpecification","valueRequired":true,"valueName":"search_term_string"}}],"inLanguage":"de"},{"@type":"Organization","@id":"https:\/\/sast-solutions.de\/blog-de\/#organization","name":"SAST BLOG","url":"https:\/\/sast-solutions.de\/blog-de\/","logo":{"@type":"ImageObject","inLanguage":"de","@id":"https:\/\/sast-solutions.de\/blog-de\/#\/schema\/logo\/image\/","url":"https:\/\/sast-solutions.de\/blog-de\/wp-content\/uploads\/2022\/06\/cropped-Logo_SAST-PLG_2205.png","contentUrl":"https:\/\/sast-solutions.de\/blog-de\/wp-content\/uploads\/2022\/06\/cropped-Logo_SAST-PLG_2205.png","width":232,"height":232,"caption":"SAST BLOG"},"image":{"@id":"https:\/\/sast-solutions.de\/blog-de\/#\/schema\/logo\/image\/"}}]}},"_links":{"self":[{"href":"https:\/\/sast-solutions.de\/blog-de\/wp-json\/wp\/v2\/pages\/7","targetHints":{"allow":["GET"]}}],"collection":[{"href":"https:\/\/sast-solutions.de\/blog-de\/wp-json\/wp\/v2\/pages"}],"about":[{"href":"https:\/\/sast-solutions.de\/blog-de\/wp-json\/wp\/v2\/types\/page"}],"author":[{"embeddable":true,"href":"https:\/\/sast-solutions.de\/blog-de\/wp-json\/wp\/v2\/users\/1"}],"replies":[{"embeddable":true,"href":"https:\/\/sast-solutions.de\/blog-de\/wp-json\/wp\/v2\/comments?post=7"}],"version-history":[{"count":18,"href":"https:\/\/sast-solutions.de\/blog-de\/wp-json\/wp\/v2\/pages\/7\/revisions"}],"predecessor-version":[{"id":3498,"href":"https:\/\/sast-solutions.de\/blog-de\/wp-json\/wp\/v2\/pages\/7\/revisions\/3498"}],"wp:attachment":[{"href":"https:\/\/sast-solutions.de\/blog-de\/wp-json\/wp\/v2\/media?parent=7"}],"curies":[{"name":"wp","href":"https:\/\/api.w.org\/{rel}","templated":true}]}}