{"id":6,"date":"2016-12-07T15:37:21","date_gmt":"2016-12-07T13:37:21","guid":{"rendered":"https:\/\/akquinetsecurityblog.wordpress.com\/?page_id=2"},"modified":"2024-01-02T09:11:05","modified_gmt":"2024-01-02T08:11:05","slug":"sast-security-and-compliance-ueber-uns","status":"publish","type":"page","link":"https:\/\/sast-solutions.de\/blog-de\/sast-security-and-compliance-ueber-uns\/","title":{"rendered":"\u00dcber uns"},"content":{"rendered":"<h2><span style=\"color: #626161;\">Wir sind nun Mitglied der Pathlock Gruppe!<\/span><\/h2>\n<p>Als Part der Pathlock-Gruppe sind wir Weltmarktf\u00fchrer f\u00fcr die Automatisierung von Access Orchestration und Cyber Security s\u00e4mtlicher Business Applikationen. Mit rund 500 Mitarbeitenden an 14 Standorten weltweit beraten wir bereits mehr als 1.200 Kunden.<\/p>\n<p><img loading=\"lazy\" decoding=\"async\" class=\"alignnone size-medium wp-image-3369\" src=\"https:\/\/sast-solutions.de\/blog-de\/wp-content\/uploads\/2022\/06\/Logo_SAST-PLG_2205-300x67.png\" alt=\"Logo SAST Pathlock-Gruppe\" width=\"300\" height=\"67\" srcset=\"https:\/\/sast-solutions.de\/blog-de\/wp-content\/uploads\/2022\/06\/Logo_SAST-PLG_2205-300x67.png 300w, https:\/\/sast-solutions.de\/blog-de\/wp-content\/uploads\/2022\/06\/Logo_SAST-PLG_2205-1024x229.png 1024w, https:\/\/sast-solutions.de\/blog-de\/wp-content\/uploads\/2022\/06\/Logo_SAST-PLG_2205-768x172.png 768w, https:\/\/sast-solutions.de\/blog-de\/wp-content\/uploads\/2022\/06\/Logo_SAST-PLG_2205.png 1038w\" sizes=\"auto, (max-width: 300px) 100vw, 300px\" \/><\/p>\n<h2><span style=\"color: #626161;\">Cross Application Access Governance &amp; Application Security mit Pathlock<\/span><span style=\"color: #626161;\">\u00a0<\/span><\/h2>\n<p><span style=\"color: #626161;\">Sie haben Interesse an unserem Portfolio oder Fragen zu unseren L\u00f6sungen? Dann informieren Sie sich auf unserer neuen <a href=\"https:\/\/pathlock.com\/de\/ueber-uns\/\" target=\"_blank\" rel=\"noopener\">Pathlock Deutschland Website<\/a> oder nehmen gerne<a href=\"mailto:hamburg@pathlock.com\" target=\"_blank\" rel=\"noopener\"><span style=\"color: #c33b70;\"> Kontakt\u00a0<\/span><\/a>zu uns auf.<\/span><\/p>\n<p>&nbsp;<\/p>\n<p>&nbsp;<\/p>\n<p>&nbsp;<\/p>\n","protected":false},"excerpt":{"rendered":"<p>Dies ist nur eine Kurzfassung der Seite&amp;nbsp;\u201e\u00dcber\u201c.<\/p>\n","protected":false},"author":1,"featured_media":0,"parent":0,"menu_order":1,"comment_status":"closed","ping_status":"closed","template":"","meta":{"footnotes":""},"class_list":["post-6","page","type-page","status-publish","hentry"],"yoast_head":"<!-- This site is optimized with the Yoast SEO plugin v27.2 - https:\/\/yoast.com\/product\/yoast-seo-wordpress\/ -->\n<title>SAST BLOG - \u00dcber uns: Knowhow f\u00fcr Ihre SAP-Sicherheit &amp; -Compliance<\/title>\n<meta name=\"description\" content=\"SAP Security &amp; Compliance: Die SAST SOLUTIONS bieten neben der eigenentwickelten Software Suite auch Consulting-Leistungen sowie Managed Services an.\" \/>\n<meta name=\"robots\" content=\"index, follow, max-snippet:-1, max-image-preview:large, max-video-preview:-1\" \/>\n<link rel=\"canonical\" href=\"https:\/\/sast-solutions.de\/blog-de\/sast-security-and-compliance-ueber-uns\/\" \/>\n<meta property=\"og:locale\" content=\"de_DE\" \/>\n<meta property=\"og:type\" content=\"article\" \/>\n<meta property=\"og:title\" content=\"SAST BLOG - \u00dcber uns: Knowhow f\u00fcr Ihre SAP-Sicherheit &amp; -Compliance\" \/>\n<meta property=\"og:description\" content=\"SAP Security &amp; Compliance: Die SAST SOLUTIONS bieten neben der eigenentwickelten Software Suite auch Consulting-Leistungen sowie Managed Services an.\" \/>\n<meta property=\"og:url\" content=\"https:\/\/sast-solutions.de\/blog-de\/sast-security-and-compliance-ueber-uns\/\" \/>\n<meta property=\"og:site_name\" content=\"SAST BLOG\" \/>\n<meta property=\"article:modified_time\" content=\"2024-01-02T08:11:05+00:00\" \/>\n<meta property=\"og:image\" content=\"https:\/\/sast-solutions.de\/blog-de\/wp-content\/uploads\/2022\/06\/Logo_SAST-PLG_2205-300x67.png\" \/>\n<meta name=\"twitter:card\" content=\"summary_large_image\" \/>\n<meta name=\"twitter:label1\" content=\"Gesch\u00e4tzte Lesezeit\" \/>\n\t<meta name=\"twitter:data1\" content=\"1\u00a0Minute\" \/>\n<script type=\"application\/ld+json\" class=\"yoast-schema-graph\">{\"@context\":\"https:\/\/schema.org\",\"@graph\":[{\"@type\":\"WebPage\",\"@id\":\"https:\/\/sast-solutions.de\/blog-de\/sast-security-and-compliance-ueber-uns\/\",\"url\":\"https:\/\/sast-solutions.de\/blog-de\/sast-security-and-compliance-ueber-uns\/\",\"name\":\"SAST BLOG - \u00dcber uns: Knowhow f\u00fcr Ihre SAP-Sicherheit & -Compliance\",\"isPartOf\":{\"@id\":\"https:\/\/sast-solutions.de\/blog-de\/#website\"},\"primaryImageOfPage\":{\"@id\":\"https:\/\/sast-solutions.de\/blog-de\/sast-security-and-compliance-ueber-uns\/#primaryimage\"},\"image\":{\"@id\":\"https:\/\/sast-solutions.de\/blog-de\/sast-security-and-compliance-ueber-uns\/#primaryimage\"},\"thumbnailUrl\":\"https:\/\/sast-solutions.de\/blog-de\/wp-content\/uploads\/2022\/06\/Logo_SAST-PLG_2205-300x67.png\",\"datePublished\":\"2016-12-07T13:37:21+00:00\",\"dateModified\":\"2024-01-02T08:11:05+00:00\",\"description\":\"SAP Security & Compliance: Die SAST SOLUTIONS bieten neben der eigenentwickelten Software Suite auch Consulting-Leistungen sowie Managed Services an.\",\"breadcrumb\":{\"@id\":\"https:\/\/sast-solutions.de\/blog-de\/sast-security-and-compliance-ueber-uns\/#breadcrumb\"},\"inLanguage\":\"de\",\"potentialAction\":[{\"@type\":\"ReadAction\",\"target\":[\"https:\/\/sast-solutions.de\/blog-de\/sast-security-and-compliance-ueber-uns\/\"]}]},{\"@type\":\"ImageObject\",\"inLanguage\":\"de\",\"@id\":\"https:\/\/sast-solutions.de\/blog-de\/sast-security-and-compliance-ueber-uns\/#primaryimage\",\"url\":\"https:\/\/sast-solutions.de\/blog-de\/wp-content\/uploads\/2022\/06\/Logo_SAST-PLG_2205.png\",\"contentUrl\":\"https:\/\/sast-solutions.de\/blog-de\/wp-content\/uploads\/2022\/06\/Logo_SAST-PLG_2205.png\",\"width\":1038,\"height\":232,\"caption\":\"Logo SAST Pathlock-Gruppe\"},{\"@type\":\"BreadcrumbList\",\"@id\":\"https:\/\/sast-solutions.de\/blog-de\/sast-security-and-compliance-ueber-uns\/#breadcrumb\",\"itemListElement\":[{\"@type\":\"ListItem\",\"position\":1,\"name\":\"Startseite\",\"item\":\"https:\/\/sast-solutions.de\/blog-de\/\"},{\"@type\":\"ListItem\",\"position\":2,\"name\":\"\u00dcber uns\"}]},{\"@type\":\"WebSite\",\"@id\":\"https:\/\/sast-solutions.de\/blog-de\/#website\",\"url\":\"https:\/\/sast-solutions.de\/blog-de\/\",\"name\":\"SAST BLOG\",\"description\":\"SAP Application Security &amp; Access Governance\",\"publisher\":{\"@id\":\"https:\/\/sast-solutions.de\/blog-de\/#organization\"},\"potentialAction\":[{\"@type\":\"SearchAction\",\"target\":{\"@type\":\"EntryPoint\",\"urlTemplate\":\"https:\/\/sast-solutions.de\/blog-de\/?s={search_term_string}\"},\"query-input\":{\"@type\":\"PropertyValueSpecification\",\"valueRequired\":true,\"valueName\":\"search_term_string\"}}],\"inLanguage\":\"de\"},{\"@type\":\"Organization\",\"@id\":\"https:\/\/sast-solutions.de\/blog-de\/#organization\",\"name\":\"SAST BLOG\",\"url\":\"https:\/\/sast-solutions.de\/blog-de\/\",\"logo\":{\"@type\":\"ImageObject\",\"inLanguage\":\"de\",\"@id\":\"https:\/\/sast-solutions.de\/blog-de\/#\/schema\/logo\/image\/\",\"url\":\"https:\/\/sast-solutions.de\/blog-de\/wp-content\/uploads\/2022\/06\/cropped-Logo_SAST-PLG_2205.png\",\"contentUrl\":\"https:\/\/sast-solutions.de\/blog-de\/wp-content\/uploads\/2022\/06\/cropped-Logo_SAST-PLG_2205.png\",\"width\":232,\"height\":232,\"caption\":\"SAST BLOG\"},\"image\":{\"@id\":\"https:\/\/sast-solutions.de\/blog-de\/#\/schema\/logo\/image\/\"}}]}<\/script>\n<!-- \/ Yoast SEO plugin. -->","yoast_head_json":{"title":"SAST BLOG - \u00dcber uns: Knowhow f\u00fcr Ihre SAP-Sicherheit & -Compliance","description":"SAP Security & Compliance: Die SAST SOLUTIONS bieten neben der eigenentwickelten Software Suite auch Consulting-Leistungen sowie Managed Services an.","robots":{"index":"index","follow":"follow","max-snippet":"max-snippet:-1","max-image-preview":"max-image-preview:large","max-video-preview":"max-video-preview:-1"},"canonical":"https:\/\/sast-solutions.de\/blog-de\/sast-security-and-compliance-ueber-uns\/","og_locale":"de_DE","og_type":"article","og_title":"SAST BLOG - \u00dcber uns: Knowhow f\u00fcr Ihre SAP-Sicherheit & -Compliance","og_description":"SAP Security & Compliance: Die SAST SOLUTIONS bieten neben der eigenentwickelten Software Suite auch Consulting-Leistungen sowie Managed Services an.","og_url":"https:\/\/sast-solutions.de\/blog-de\/sast-security-and-compliance-ueber-uns\/","og_site_name":"SAST BLOG","article_modified_time":"2024-01-02T08:11:05+00:00","og_image":[{"url":"https:\/\/sast-solutions.de\/blog-de\/wp-content\/uploads\/2022\/06\/Logo_SAST-PLG_2205-300x67.png","type":"","width":"","height":""}],"twitter_card":"summary_large_image","twitter_misc":{"Gesch\u00e4tzte Lesezeit":"1\u00a0Minute"},"schema":{"@context":"https:\/\/schema.org","@graph":[{"@type":"WebPage","@id":"https:\/\/sast-solutions.de\/blog-de\/sast-security-and-compliance-ueber-uns\/","url":"https:\/\/sast-solutions.de\/blog-de\/sast-security-and-compliance-ueber-uns\/","name":"SAST BLOG - \u00dcber uns: Knowhow f\u00fcr Ihre SAP-Sicherheit & -Compliance","isPartOf":{"@id":"https:\/\/sast-solutions.de\/blog-de\/#website"},"primaryImageOfPage":{"@id":"https:\/\/sast-solutions.de\/blog-de\/sast-security-and-compliance-ueber-uns\/#primaryimage"},"image":{"@id":"https:\/\/sast-solutions.de\/blog-de\/sast-security-and-compliance-ueber-uns\/#primaryimage"},"thumbnailUrl":"https:\/\/sast-solutions.de\/blog-de\/wp-content\/uploads\/2022\/06\/Logo_SAST-PLG_2205-300x67.png","datePublished":"2016-12-07T13:37:21+00:00","dateModified":"2024-01-02T08:11:05+00:00","description":"SAP Security & Compliance: Die SAST SOLUTIONS bieten neben der eigenentwickelten Software Suite auch Consulting-Leistungen sowie Managed Services an.","breadcrumb":{"@id":"https:\/\/sast-solutions.de\/blog-de\/sast-security-and-compliance-ueber-uns\/#breadcrumb"},"inLanguage":"de","potentialAction":[{"@type":"ReadAction","target":["https:\/\/sast-solutions.de\/blog-de\/sast-security-and-compliance-ueber-uns\/"]}]},{"@type":"ImageObject","inLanguage":"de","@id":"https:\/\/sast-solutions.de\/blog-de\/sast-security-and-compliance-ueber-uns\/#primaryimage","url":"https:\/\/sast-solutions.de\/blog-de\/wp-content\/uploads\/2022\/06\/Logo_SAST-PLG_2205.png","contentUrl":"https:\/\/sast-solutions.de\/blog-de\/wp-content\/uploads\/2022\/06\/Logo_SAST-PLG_2205.png","width":1038,"height":232,"caption":"Logo SAST Pathlock-Gruppe"},{"@type":"BreadcrumbList","@id":"https:\/\/sast-solutions.de\/blog-de\/sast-security-and-compliance-ueber-uns\/#breadcrumb","itemListElement":[{"@type":"ListItem","position":1,"name":"Startseite","item":"https:\/\/sast-solutions.de\/blog-de\/"},{"@type":"ListItem","position":2,"name":"\u00dcber uns"}]},{"@type":"WebSite","@id":"https:\/\/sast-solutions.de\/blog-de\/#website","url":"https:\/\/sast-solutions.de\/blog-de\/","name":"SAST BLOG","description":"SAP Application Security &amp; Access Governance","publisher":{"@id":"https:\/\/sast-solutions.de\/blog-de\/#organization"},"potentialAction":[{"@type":"SearchAction","target":{"@type":"EntryPoint","urlTemplate":"https:\/\/sast-solutions.de\/blog-de\/?s={search_term_string}"},"query-input":{"@type":"PropertyValueSpecification","valueRequired":true,"valueName":"search_term_string"}}],"inLanguage":"de"},{"@type":"Organization","@id":"https:\/\/sast-solutions.de\/blog-de\/#organization","name":"SAST BLOG","url":"https:\/\/sast-solutions.de\/blog-de\/","logo":{"@type":"ImageObject","inLanguage":"de","@id":"https:\/\/sast-solutions.de\/blog-de\/#\/schema\/logo\/image\/","url":"https:\/\/sast-solutions.de\/blog-de\/wp-content\/uploads\/2022\/06\/cropped-Logo_SAST-PLG_2205.png","contentUrl":"https:\/\/sast-solutions.de\/blog-de\/wp-content\/uploads\/2022\/06\/cropped-Logo_SAST-PLG_2205.png","width":232,"height":232,"caption":"SAST BLOG"},"image":{"@id":"https:\/\/sast-solutions.de\/blog-de\/#\/schema\/logo\/image\/"}}]}},"_links":{"self":[{"href":"https:\/\/sast-solutions.de\/blog-de\/wp-json\/wp\/v2\/pages\/6","targetHints":{"allow":["GET"]}}],"collection":[{"href":"https:\/\/sast-solutions.de\/blog-de\/wp-json\/wp\/v2\/pages"}],"about":[{"href":"https:\/\/sast-solutions.de\/blog-de\/wp-json\/wp\/v2\/types\/page"}],"author":[{"embeddable":true,"href":"https:\/\/sast-solutions.de\/blog-de\/wp-json\/wp\/v2\/users\/1"}],"replies":[{"embeddable":true,"href":"https:\/\/sast-solutions.de\/blog-de\/wp-json\/wp\/v2\/comments?post=6"}],"version-history":[{"count":31,"href":"https:\/\/sast-solutions.de\/blog-de\/wp-json\/wp\/v2\/pages\/6\/revisions"}],"predecessor-version":[{"id":3497,"href":"https:\/\/sast-solutions.de\/blog-de\/wp-json\/wp\/v2\/pages\/6\/revisions\/3497"}],"wp:attachment":[{"href":"https:\/\/sast-solutions.de\/blog-de\/wp-json\/wp\/v2\/media?parent=6"}],"curies":[{"name":"wp","href":"https:\/\/api.w.org\/{rel}","templated":true}]}}